{"id":6068,"date":"2026-01-28T14:36:10","date_gmt":"2026-01-28T13:36:10","guid":{"rendered":"https:\/\/ambientsystem.eu\/datenschutzerklaerung\/"},"modified":"2026-03-08T05:36:41","modified_gmt":"2026-03-08T04:36:41","slug":"datenschutzerklaerung","status":"publish","type":"page","link":"https:\/\/ambientsystem.eu\/de\/datenschutzerklaerung\/","title":{"rendered":"Datenschutzerkl\u00e4rung"},"content":{"rendered":"<p><strong>INFORMATION ZUM SCHUTZ PERSONENBEZOGENER DATEN<\/strong><\/p>\n<p>Zur Erf\u00fcllung der Informationspflicht gem\u00e4\u00df Artikel 13 Abs\u00e4tze 1 und 2 der Verordnung (EU) 2016\/679 des Europ\u00e4ischen Parlaments und des Rates vom 27. April 2016 zum Schutz nat\u00fcrlicher Personen bei der Verarbeitung personenbezogener Daten, zum freien Datenverkehr und zur Aufhebung der Richtlinie 95\/46\/EG (ABl. L 119.1) \u2013 im Folgenden \u201eDSGVO\u201c genannt \u2013 teilen wir Ihnen mit, dass:<br \/>\nDer Verantwortliche f\u00fcr Ihre personenbezogenen Daten ist:<br \/>\nAmbient System sp.     z o.o., ul. Bysewska 27, 80-298 Gda\u0144sk<br \/>\nKontakt zum Verantwortlichen bez\u00fcglich der Verarbeitung personenbezogener Daten: Tel. +48 58 345 51 95, E-Mail-Adresse: <a href=\"mailto:rodo@ambientsystem.pl\">rodo@ambientsystem.pl<\/a> <\/p>\n<p><strong>Zweck und Umfang der verarbeiteten Daten:<\/strong><br \/>\nWir achten darauf, dass Ihre Daten angemessen gesch\u00fctzt werden und ihre Verarbeitung transparent, zuverl\u00e4ssig und im Einklang mit den geltenden Rechtsvorschriften erfolgt. Ihre personenbezogenen Daten k\u00f6nnen verarbeitet werden: <\/p>\n<ul>\n<li>zum Zweck der Vorbereitung, des Abschlusses und der Erf\u00fcllung eines Vertrags auf Grundlage von Art. 6 Abs. 1 lit. b) DSGVO, einschlie\u00dflich der gesetzlich vorgeschriebenen Finanzbuchhaltung im Umfang des Gesetzes vom 26. Juli 1991 \u00fcber die Einkommensteuer nat\u00fcrlicher Personen sowie des Gesetzes vom 29. August 1997 \u2013 Abgabenordnung (Ausstellung und Archivierung von Buchungsbelegen). Die Daten werden zu diesem Zweck w\u00e4hrend der gesamten Vertragslaufzeit und nach dessen Beendigung oder Erl\u00f6schen bis zum Ablauf der Verj\u00e4hrungsfrist etwaiger Anspr\u00fcche gem\u00e4\u00df dem Gesetz vom 23.04.1964 \u2013 B\u00fcrgerliches Gesetzbuch oder bis zum Ablauf der Verj\u00e4hrungsfrist der Steuerpflicht gem\u00e4\u00df dem Gesetz vom 29. August 1997 \u2013 Abgabenordnung verarbeitet, je nachdem, welche Frist sp\u00e4ter abl\u00e4uft,    <\/li>\n<li>zum Zweck der Erstellung und \u00dcbermittlung eines Angebots auf Grundlage von Art. 6 Abs. 1 lit. a) DSGVO, d. h. auf Grundlage einer Einwilligung, die durch eine bewusste Handlung wie das Versenden einer Angebotsanfrage oder durch Abgabe einer Einwilligungserkl\u00e4rung zur Verarbeitung der Daten zum Zweck der Erstellung und \u00dcbermittlung eines Angebots erteilt wurde. Im Falle der \u00dcbermittlung einer Angebotsanfrage werden die Daten 12 Monate nach \u00dcbermittlung des Angebots gel\u00f6scht, im Falle einer Einwilligungserkl\u00e4rung werden die Daten bis zum Widerruf der Einwilligung verarbeitet.   <\/li>\n<li>zum Zweck der laufenden Korrespondenz auf Grundlage von Art. 6 Abs. 1 lit. f) DSGVO, d. h. im berechtigten Interesse des Verantwortlichen, welches in der Aufrechterhaltung des Kontakts zu Gesch\u00e4ftspartnern besteht. Die Daten werden zu diesem Zweck bis zum Eingang eines Widerspruchs gegen ihre Verarbeitung beim Verantwortlichen verarbeitet,    <\/li>\n<li>zum Zweck der Feststellung und Geltendmachung von Anspr\u00fcchen durch Durchf\u00fchrung von Inkassoma\u00dfnahmen, Verkauf von Forderungen auf Grundlage von Art. 6 Abs. 1 lit. f) DSGVO in Verbindung mit Art. 509 und 510 des Gesetzes vom 23.04.1964 \u2013 B\u00fcrgerliches Gesetzbuch. Die Daten werden zu diesem Zweck bis zur Befriedigung der Forderung, Abtretung der Forderung oder bis zum Ablauf der Verj\u00e4hrungsfrist des Anspruchs gem\u00e4\u00df dem Gesetz vom 23.04.1964 \u2013 B\u00fcrgerliches Gesetzbuch verarbeitet,    <\/li>\n<li>zum Zweck der Verbesserung der Qualit\u00e4t der erbrachten Dienstleistungen durch \u00dcberwachung der Kundenbetreuung und Erstellung von Analysen auf Grundlage von Art. 6 Abs. 1 lit. f) DSGVO. Die Daten werden bis zum Eingang eines Widerspruchs gegen ihre Verarbeitung zu diesem Zweck verarbeitet.   <\/li>\n<\/ul>\n<p><strong>Empf\u00e4nger personenbezogener Daten<\/strong><br \/>\nZugang zu Ihren personenbezogenen Daten k\u00f6nnen erhalten:<\/p>\n<ul>\n<li>Mitarbeiter und Auftragnehmer des Verantwortlichen, die zur Verarbeitung personenbezogener Daten befugt sind und die Daten auf dessen ausdr\u00fcckliche Anweisung verarbeiten,<\/li>\n<li>Anbieter von IT-, Buchhaltungs-, Beratungs-, Rechts-, Marketing-, Grafik- und Business-Development-Dienstleistungen, mit denen der Verantwortliche Auftragsverarbeitungsvertr\u00e4ge abgeschlossen hat und die eine positive \u00dcberpr\u00fcfung der DSGVO-Konformit\u00e4t durchlaufen haben.<\/li>\n<\/ul>\n<p>Wir \u00fcbermitteln Ihre personenbezogenen Daten nicht an L\u00e4nder au\u00dferhalb des Europ\u00e4ischen Wirtschaftsraums (sog. Drittl\u00e4nder).<\/p>\n<p><strong>Rechte der betroffenen Person, deren Daten wir verarbeiten.<\/strong><br \/>\nSie k\u00f6nnen jederzeit Ihr Recht auf Zugang zu Ihren personenbezogenen Daten sowie folgende Rechte aus\u00fcben:<\/p>\n<ul>\n<li>Berichtigung von Daten \u2013 d. h. Korrektur personenbezogener Daten, wenn diese fehlerhaft sind, sich ge\u00e4ndert haben oder veraltet sind,<\/li>\n<li>teilweise oder vollst\u00e4ndige L\u00f6schung von Daten (Recht auf Vergessenwerden), wenn die Daten nicht im Einklang mit geltendem Recht verarbeitet werden oder alle Zwecke der Datenverarbeitung erreicht wurden und keine andere Rechtsgrundlage f\u00fcr ihre weitere Verarbeitung besteht,<\/li>\n<li>Einschr\u00e4nkung der Verarbeitung von Daten \u2013 d. h. Beschr\u00e4nkung der Verarbeitung von Daten ausschlie\u00dflich auf deren Speicherung,<\/li>\n<li>Zugang zu Daten \u2013 d. h. Erhalt von Informationen \u00fcber den Zweck und die Art der Verarbeitung Ihrer personenbezogenen Daten sowie einer Kopie der Daten aus dem IT-System,<\/li>\n<li>Daten\u00fcbertragbarkeit \u2013 d. h. Erhalt Ihrer personenbezogenen Daten, die Sie uns \u00fcbermittelt haben, oder Benennung eines anderen Verantwortlichen, an den wir diese \u00fcbermitteln sollen, sofern dies technisch m\u00f6glich ist.<\/li>\n<\/ul>\n<p><strong>Widerspruchsrecht<\/strong> \u2013 Sie k\u00f6nnen jederzeit Widerspruch gegen die Verarbeitung von Daten einlegen:<\/p>\n<ul>\n<li>f\u00fcr Zwecke der Direktwerbung \u2013 wir werden die Verarbeitung Ihrer Daten zu diesem Zweck einstellen,<\/li>\n<li>in besonderen Situationen, wenn wir diese im berechtigten Interesse oder im \u00f6ffentlichen Interesse verarbeiten.<\/li>\n<\/ul>\n<p>Wir werden die Verarbeitung von Daten zu diesen Zwecken einstellen, sofern keine anderen vorrangigen berechtigten Gr\u00fcnde f\u00fcr die Verarbeitung bestehen.<\/p>\n<p><strong>Recht auf Widerruf der Einwilligung<\/strong> \u2013 Sie k\u00f6nnen jederzeit jede von Ihnen erteilte Einwilligung widerrufen. Ab Erteilung einer solchen Anweisung werden wir Ihre Daten f\u00fcr den von Ihnen angegebenen Zweck nicht mehr verarbeiten. Bitte beachten Sie jedoch, dass wir bis zum Widerruf der Einwilligung berechtigt sind, Ihre Daten zu verarbeiten.<br \/>\nSie k\u00f6nnen Ihre Rechte aus\u00fcben, indem Sie einen Antrag \u00fcber folgende Kommunikationskan\u00e4le stellen:<\/p>\n<ul>\n<li>per E-Mail an die Adresse:<a href=\"mailto:rodo@ambientsystem.pl\"> rodo@ambientsystem.pl<\/a>,<\/li>\n<li>telefonisch unter der Nummer: +48 58 345 51 95<\/li>\n<li>per Post an die Adresse:<br \/>\nAmbient System sp. z o.o., ul. Bysewska 27, 80-298 Gda\u0144sk<\/li>\n<\/ul>\n","protected":false},"excerpt":{"rendered":"<p>INFORMATION ZUM SCHUTZ PERSONENBEZOGENER DATEN Zur Erf\u00fcllung der Informationspflicht gem\u00e4\u00df Artikel 13 Abs\u00e4tze 1 und 2 der Verordnung (EU) 2016\/679 des Europ\u00e4ischen Parlaments und des Rates vom 27. April 2016 zum Schutz nat\u00fcrlicher Personen bei der Verarbeitung personenbezogener Daten, zum freien Datenverkehr und zur Aufhebung der Richtlinie 95\/46\/EG (ABl. L 119.1) \u2013 im Folgenden \u201eDSGVO\u201c [&hellip;]<\/p>\n","protected":false},"author":1,"featured_media":0,"parent":0,"menu_order":0,"comment_status":"closed","ping_status":"closed","template":"","meta":{"_acf_changed":false,"footnotes":""},"class_list":["post-6068","page","type-page","status-publish","hentry"],"acf":[],"yoast_head":"<!-- This site is optimized with the Yoast SEO plugin v27.4 - https:\/\/yoast.com\/product\/yoast-seo-wordpress\/ -->\n<title>Datenschutzerkl\u00e4rung - Ambient Systems<\/title>\n<meta name=\"robots\" content=\"index, follow, max-snippet:-1, max-image-preview:large, max-video-preview:-1\" \/>\n<link rel=\"canonical\" href=\"https:\/\/ambientsystem.eu\/de\/datenschutzerklaerung\/\" \/>\n<meta property=\"og:locale\" content=\"de_DE\" \/>\n<meta property=\"og:type\" content=\"article\" \/>\n<meta property=\"og:title\" content=\"Datenschutzerkl\u00e4rung - Ambient Systems\" \/>\n<meta property=\"og:description\" content=\"INFORMATION ZUM SCHUTZ PERSONENBEZOGENER DATEN Zur Erf\u00fcllung der Informationspflicht gem\u00e4\u00df Artikel 13 Abs\u00e4tze 1 und 2 der Verordnung (EU) 2016\/679 des Europ\u00e4ischen Parlaments und des Rates vom 27. April 2016 zum Schutz nat\u00fcrlicher Personen bei der Verarbeitung personenbezogener Daten, zum freien Datenverkehr und zur Aufhebung der Richtlinie 95\/46\/EG (ABl. L 119.1) \u2013 im Folgenden \u201eDSGVO\u201c [&hellip;]\" \/>\n<meta property=\"og:url\" content=\"https:\/\/ambientsystem.eu\/de\/datenschutzerklaerung\/\" \/>\n<meta property=\"og:site_name\" content=\"Ambient Systems\" \/>\n<meta property=\"article:modified_time\" content=\"2026-03-08T04:36:41+00:00\" \/>\n<meta name=\"twitter:card\" content=\"summary_large_image\" \/>\n<meta name=\"twitter:label1\" content=\"Gesch\u00e4tzte Lesezeit\" \/>\n\t<meta name=\"twitter:data1\" content=\"4\u00a0Minuten\" \/>\n<script type=\"application\/ld+json\" class=\"yoast-schema-graph\">{\"@context\":\"https:\\\/\\\/schema.org\",\"@graph\":[{\"@type\":\"WebPage\",\"@id\":\"https:\\\/\\\/ambientsystem.eu\\\/de\\\/datenschutzerklaerung\\\/\",\"url\":\"https:\\\/\\\/ambientsystem.eu\\\/de\\\/datenschutzerklaerung\\\/\",\"name\":\"Datenschutzerkl\u00e4rung - Ambient Systems\",\"isPartOf\":{\"@id\":\"https:\\\/\\\/ambientsystem.eu\\\/de\\\/#website\"},\"datePublished\":\"2026-01-28T13:36:10+00:00\",\"dateModified\":\"2026-03-08T04:36:41+00:00\",\"breadcrumb\":{\"@id\":\"https:\\\/\\\/ambientsystem.eu\\\/de\\\/datenschutzerklaerung\\\/#breadcrumb\"},\"inLanguage\":\"de\",\"potentialAction\":[{\"@type\":\"ReadAction\",\"target\":[\"https:\\\/\\\/ambientsystem.eu\\\/de\\\/datenschutzerklaerung\\\/\"]}]},{\"@type\":\"BreadcrumbList\",\"@id\":\"https:\\\/\\\/ambientsystem.eu\\\/de\\\/datenschutzerklaerung\\\/#breadcrumb\",\"itemListElement\":[{\"@type\":\"ListItem\",\"position\":1,\"name\":\"Strona g\u0142\u00f3wna\",\"item\":\"https:\\\/\\\/ambientsystem.eu\\\/de\\\/startseite\\\/\"},{\"@type\":\"ListItem\",\"position\":2,\"name\":\"Datenschutzerkl\u00e4rung\"}]},{\"@type\":\"WebSite\",\"@id\":\"https:\\\/\\\/ambientsystem.eu\\\/de\\\/#website\",\"url\":\"https:\\\/\\\/ambientsystem.eu\\\/de\\\/\",\"name\":\"Ambient Systems\",\"description\":\"\",\"potentialAction\":[{\"@type\":\"SearchAction\",\"target\":{\"@type\":\"EntryPoint\",\"urlTemplate\":\"https:\\\/\\\/ambientsystem.eu\\\/de\\\/?s={search_term_string}\"},\"query-input\":{\"@type\":\"PropertyValueSpecification\",\"valueRequired\":true,\"valueName\":\"search_term_string\"}}],\"inLanguage\":\"de\"}]}<\/script>\n<!-- \/ Yoast SEO plugin. -->","yoast_head_json":{"title":"Datenschutzerkl\u00e4rung - Ambient Systems","robots":{"index":"index","follow":"follow","max-snippet":"max-snippet:-1","max-image-preview":"max-image-preview:large","max-video-preview":"max-video-preview:-1"},"canonical":"https:\/\/ambientsystem.eu\/de\/datenschutzerklaerung\/","og_locale":"de_DE","og_type":"article","og_title":"Datenschutzerkl\u00e4rung - Ambient Systems","og_description":"INFORMATION ZUM SCHUTZ PERSONENBEZOGENER DATEN Zur Erf\u00fcllung der Informationspflicht gem\u00e4\u00df Artikel 13 Abs\u00e4tze 1 und 2 der Verordnung (EU) 2016\/679 des Europ\u00e4ischen Parlaments und des Rates vom 27. April 2016 zum Schutz nat\u00fcrlicher Personen bei der Verarbeitung personenbezogener Daten, zum freien Datenverkehr und zur Aufhebung der Richtlinie 95\/46\/EG (ABl. L 119.1) \u2013 im Folgenden \u201eDSGVO\u201c [&hellip;]","og_url":"https:\/\/ambientsystem.eu\/de\/datenschutzerklaerung\/","og_site_name":"Ambient Systems","article_modified_time":"2026-03-08T04:36:41+00:00","twitter_card":"summary_large_image","twitter_misc":{"Gesch\u00e4tzte Lesezeit":"4\u00a0Minuten"},"schema":{"@context":"https:\/\/schema.org","@graph":[{"@type":"WebPage","@id":"https:\/\/ambientsystem.eu\/de\/datenschutzerklaerung\/","url":"https:\/\/ambientsystem.eu\/de\/datenschutzerklaerung\/","name":"Datenschutzerkl\u00e4rung - Ambient Systems","isPartOf":{"@id":"https:\/\/ambientsystem.eu\/de\/#website"},"datePublished":"2026-01-28T13:36:10+00:00","dateModified":"2026-03-08T04:36:41+00:00","breadcrumb":{"@id":"https:\/\/ambientsystem.eu\/de\/datenschutzerklaerung\/#breadcrumb"},"inLanguage":"de","potentialAction":[{"@type":"ReadAction","target":["https:\/\/ambientsystem.eu\/de\/datenschutzerklaerung\/"]}]},{"@type":"BreadcrumbList","@id":"https:\/\/ambientsystem.eu\/de\/datenschutzerklaerung\/#breadcrumb","itemListElement":[{"@type":"ListItem","position":1,"name":"Strona g\u0142\u00f3wna","item":"https:\/\/ambientsystem.eu\/de\/startseite\/"},{"@type":"ListItem","position":2,"name":"Datenschutzerkl\u00e4rung"}]},{"@type":"WebSite","@id":"https:\/\/ambientsystem.eu\/de\/#website","url":"https:\/\/ambientsystem.eu\/de\/","name":"Ambient Systems","description":"","potentialAction":[{"@type":"SearchAction","target":{"@type":"EntryPoint","urlTemplate":"https:\/\/ambientsystem.eu\/de\/?s={search_term_string}"},"query-input":{"@type":"PropertyValueSpecification","valueRequired":true,"valueName":"search_term_string"}}],"inLanguage":"de"}]}},"_links":{"self":[{"href":"https:\/\/ambientsystem.eu\/de\/wp-json\/wp\/v2\/pages\/6068","targetHints":{"allow":["GET"]}}],"collection":[{"href":"https:\/\/ambientsystem.eu\/de\/wp-json\/wp\/v2\/pages"}],"about":[{"href":"https:\/\/ambientsystem.eu\/de\/wp-json\/wp\/v2\/types\/page"}],"author":[{"embeddable":true,"href":"https:\/\/ambientsystem.eu\/de\/wp-json\/wp\/v2\/users\/1"}],"replies":[{"embeddable":true,"href":"https:\/\/ambientsystem.eu\/de\/wp-json\/wp\/v2\/comments?post=6068"}],"version-history":[{"count":1,"href":"https:\/\/ambientsystem.eu\/de\/wp-json\/wp\/v2\/pages\/6068\/revisions"}],"predecessor-version":[{"id":7033,"href":"https:\/\/ambientsystem.eu\/de\/wp-json\/wp\/v2\/pages\/6068\/revisions\/7033"}],"wp:attachment":[{"href":"https:\/\/ambientsystem.eu\/de\/wp-json\/wp\/v2\/media?parent=6068"}],"curies":[{"name":"wp","href":"https:\/\/api.w.org\/{rel}","templated":true}]}}