{"id":8721,"date":"2026-04-20T06:40:41","date_gmt":"2026-04-20T04:40:41","guid":{"rendered":"https:\/\/ambientsystem.eu\/?page_id=8721"},"modified":"2026-04-20T06:46:59","modified_gmt":"2026-04-20T04:46:59","slug":"informationsklausel","status":"publish","type":"page","link":"https:\/\/ambientsystem.eu\/de\/informationsklausel\/","title":{"rendered":"Informationsklausel"},"content":{"rendered":"<table>\n<tbody>\n<tr>\n<td rowspan=\"2\"><span style=\"font-weight: 400;\">Datencontroller<\/span><\/td>\n<td rowspan=\"2\"><b>Ambient-System sp. z o.o.<\/b><\/p>\n<p><span style=\"font-weight: 400;\">Bysewska Stra\u00dfe 27, 80-298 Gdansk-Danzig, Polen<\/span><\/p>\n<p><span style=\"font-weight: 400;\">Tel. (+48) 58 345 51 95; e-mail: ambient@ambientsystem.pl<\/span><\/td>\n<\/tr>\n<tr>\n<td><span style=\"font-weight: 400;\">Zwecke der Verarbeitung<\/span><\/td>\n<td><span style=\"font-weight: 400;\">Schulungen, Marketing und andere vom Kunden bestellte Aktivit\u00e4ten.<\/span><\/td>\n<\/tr>\n<tr>\n<td><span style=\"font-weight: 400;\">Zwecke der Verarbeitung<\/span><\/td>\n<td><span style=\"font-weight: 400;\">&#8211; rechtliche Verpflichtung;\u00a0<\/span><\/p>\n<p><span style=\"font-weight: 400;\">&#8211; Vereinbarung mit Ambient-System geschlossen;\u00a0<\/span><\/p>\n<p><span style=\"font-weight: 400;\">&#8211; Ihre Zustimmung;\u00a0<\/span><\/p>\n<p><span style=\"font-weight: 400;\">&#8211; unser berechtigtes Interesse.<\/span><\/td>\n<\/tr>\n<tr>\n<td><span style=\"font-weight: 400;\">Empf\u00e4nger der Daten<\/span><\/td>\n<td><span style=\"font-weight: 400;\">Unternehmen, die Daten im Auftrag von Ambient-System verarbeiten.<\/span><\/td>\n<\/tr>\n<tr>\n<td><span style=\"font-weight: 400;\">Rechte im Zusammenhang mit der Datenverarbeitung<\/span><\/td>\n<td><span style=\"font-weight: 400;\">&#8211; das Recht, die Einwilligung zur Datenverarbeitung zu widerrufen;\u00a0<\/span><\/p>\n<p><span style=\"font-weight: 400;\">&#8211; das Recht auf Zugang zu personenbezogenen Daten und das Recht;<\/span><\/p>\n<p><span style=\"font-weight: 400;\">&#8211;\u00a0 ihre Berichtigung, L\u00f6schung oder Einschr\u00e4nkung ihrer Verarbeitung zu verlangen;\u00a0<\/span><\/p>\n<p><span style=\"font-weight: 400;\">&#8211; weitere in den Detailinformationen genannte Rechte.<\/span><\/td>\n<\/tr>\n<tr>\n<td><\/td>\n<td><\/td>\n<\/tr>\n<\/tbody>\n<\/table>\n<p><b>Informationsklausel<\/b><\/p>\n<ol>\n<li style=\"font-weight: 400;\" aria-level=\"1\"><span style=\"font-weight: 400;\">Administrator personenbezogener Daten<\/span><\/li>\n<\/ol>\n<p><span style=\"font-weight: 400;\">Der Administrator Ihrer pers\u00f6nlichen Daten ist Ambient-System sp.z o.o. mit Sitz in Danzig (im Folgenden: uns). Sie k\u00f6nnen uns wie folgt kontaktieren:\u00a0<\/span><\/p>\n<p><span style=\"font-weight: 400;\">&#8211; per Brief an folgende Adresse: ul. Bysewska 27, 80-298 Danzig;\u00a0<\/span><\/p>\n<p><span style=\"font-weight: 400;\">&#8211; per E-Mail: ambient@ambientsystem.pl;\u00a0<\/span><\/p>\n<p><span style=\"font-weight: 400;\">&#8211; per Telefon: +48 58 345 51 95.<\/span><\/p>\n<p>&nbsp;<\/p>\n<ol>\n<li style=\"font-weight: 400;\" aria-level=\"1\"><span style=\"font-weight: 400;\">Verarbeitungszwecke und Rechtsgrundlagen der Verarbeitung Wir werden Ihre personenbezogenen Daten verarbeiten, um:\u00a0<\/span><\/li>\n<\/ol>\n<p><span style=\"font-weight: 400;\">&#8211; die Ausbildung richtig durchf\u00fchren;\u00a0<\/span><\/p>\n<p><span style=\"font-weight: 400;\">&#8211; andere von uns beauftragte Dienstleistungen in einem Vertrag mit Ihnen zu erbringen;\u00a0<\/span><\/p>\n<p><span style=\"font-weight: 400;\">&#8211; Sie zuk\u00fcnftig \u00fcber neue Produkte und Dienstleistungen mittels elektronischer und postalischer Kommunikation zu informieren.\u00a0<\/span><\/p>\n<p>&nbsp;<\/p>\n<p><span style=\"font-weight: 400;\">Die Rechtsgrundlage f\u00fcr die Verarbeitung Ihrer personenbezogenen Daten ist gesetzliche Bestimmung (Art. 6 Abs. 1 lit. b DSGVO) und f\u00fcr den Abschluss und die Erf\u00fcllung des Mandatsvertrags erforderliche Verarbeitung \u2013 im Umfang folgender Daten: Vor- und Nachname; Namen der Eltern; Geburtsdatum; Wohnort (Korrespondenzadresse), PESEL, NIP und andere Daten, je nach Inhalt der Bestellung;<\/span><\/p>\n<p><span style=\"font-weight: 400;\">Ihre Zustimmung zur Datenverarbeitung, die durch Akzeptieren dieser Bedingungen und Anmeldung zum Training erteilt wird;\u00a0<\/span><\/p>\n<p><span style=\"font-weight: 400;\">&#8211; unser berechtigtes Interesse;<\/span><\/p>\n<p><span style=\"font-weight: 400;\">&#8211; in Bezug auf die im Rahmen der durchgef\u00fchrten T\u00e4tigkeiten erhobenen Daten ben\u00f6tigen wir diese zur ordnungsgem\u00e4\u00dfen Durchf\u00fchrung der uns anvertrauten T\u00e4tigkeiten.<\/span><\/p>\n<p>&nbsp;<\/p>\n<ol>\n<li style=\"font-weight: 400;\" aria-level=\"1\"><span style=\"font-weight: 400;\">Dauer der Speicherung personenbezogener Daten Wir speichern Ihre personenbezogenen Daten bis zum Ende des Trainings und im Bereich Marketing bis Sie der Verarbeitung widersprechen.<\/span><\/li>\n<\/ol>\n<p>&nbsp;<\/p>\n<ol>\n<li style=\"font-weight: 400;\" aria-level=\"1\"><span style=\"font-weight: 400;\">Datenempf\u00e4nger\u00a0<\/span><\/li>\n<\/ol>\n<p><span style=\"font-weight: 400;\">Wir geben Ihre personenbezogenen Daten weiter:\u00a0<\/span><\/p>\n<p><span style=\"font-weight: 400;\">&#8211; unsere Lieferanten, bei denen wir Dienstleistungen im Zusammenhang mit der Verarbeitung personenbezogener Daten in Auftrag geben, z. B. IT-Dienstleister, eine Buchhaltung. Diese Unternehmen verarbeiten Daten auf der Grundlage eines Vertrags mit uns und nur gem\u00e4\u00df unseren Anweisungen.<\/span><\/p>\n<p>&nbsp;<\/p>\n<ol>\n<li style=\"font-weight: 400;\" aria-level=\"1\"><span style=\"font-weight: 400;\">Ihre Rechte im Zusammenhang mit der Verarbeitung personenbezogener Daten und dem Treffen automatisierter Entscheidungen Sie haben folgende Rechte im Zusammenhang mit der Verarbeitung personenbezogener Daten:<\/span><\/li>\n<\/ol>\n<ol>\n<li><span style=\"font-weight: 400;\">Recht auf Widerruf einer Einwilligung zur Datenverarbeitung,<\/span><\/li>\n<li><span style=\"font-weight: 400;\">Recht auf Zugang zu Ihren personenbezogenen Daten,<\/span><\/li>\n<li><span style=\"font-weight: 400;\">Recht, die Berichtigung Ihrer personenbezogenen Daten zu verlangen,<\/span><\/li>\n<li><span style=\"font-weight: 400;\">Recht, die L\u00f6schung Ihrer personenbezogenen Daten zu verlangen,<\/span><\/li>\n<li><span style=\"font-weight: 400;\">Recht, die Einschr\u00e4nkung der Verarbeitung Ihrer personenbezogenen Daten zu verlangen,<\/span><\/li>\n<li><span style=\"font-weight: 400;\">Recht, der Verarbeitung Ihrer Daten aufgrund Ihrer besonderen Situation zu widersprechen \u2013 in F\u00e4llen, in denen wir Ihre Daten auf Grundlage unseres berechtigten Interesses verarbeiten,<\/span><\/li>\n<li><span style=\"font-weight: 400;\">Recht, Ihre personenbezogenen Daten zu \u00fcbertragen, d. h. das Recht, Ihre personenbezogenen Daten von uns in einem strukturierten, g\u00e4ngigen, maschinenlesbaren IT-Format zu erhalten. Sie k\u00f6nnen diese Daten an einen anderen Datenadministrator senden oder verlangen, dass wir Ihre Daten an einen anderen Administrator senden. Wir werden dies jedoch nur tun, wenn eine solche Nachricht technisch m\u00f6glich ist. Sie haben das Recht auf \u00dcbertragung personenbezogener Daten nur in Bezug auf die Daten, die wir aufgrund eines Vertrags mit Ihnen oder aufgrund Ihrer Einwilligung verarbeiten.<\/span><\/li>\n<\/ol>\n<p>&nbsp;<\/p>\n<p><span style=\"font-weight: 400;\">Um die oben genannten Rechte auszu\u00fcben, kontaktieren Sie uns bitte.<\/span><\/p>\n<p>&nbsp;<\/p>\n<p><b>Das Recht auf Widerruf der Einwilligung<\/b><\/p>\n<p><span style=\"font-weight: 400;\">Soweit Ihre Daten auf Grundlage einer Einwilligung verarbeitet werden, haben Sie das Recht, eine Einwilligung zur Datenverarbeitung jederzeit zu widerrufen. Durch den Widerruf der Einwilligung wird die Rechtm\u00e4\u00dfigkeit der aufgrund der Einwilligung bis zum Widerruf erfolgten Verarbeitung nicht ber\u00fchrt. Sie k\u00f6nnen Ihre Einwilligung widerrufen, indem Sie eine Widerrufserkl\u00e4rung an unsere Korrespondenzadresse oder unsere E-Mail-Adresse senden.<\/span><\/p>\n<p>&nbsp;<\/p>\n<p><b>Das Recht, eine Beschwerde bei der Beh\u00f6rde einzureichen.<\/b><\/p>\n<p><span style=\"font-weight: 400;\">Sie haben auch das Recht, eine Beschwerde bei der Aufsichtsbeh\u00f6rde einzureichen, die sich mit dem Schutz personenbezogener Daten befasst, dh. dem Pr\u00e4sidenten des Amtes f\u00fcr den Schutz personenbezogener Daten.<\/span><\/p>\n<p>&nbsp;<\/p>\n","protected":false},"excerpt":{"rendered":"<p>Datencontroller Ambient-System sp. z o.o. Bysewska Stra\u00dfe 27, 80-298 Gdansk-Danzig, Polen Tel. (+48) 58 345 51 95; e-mail: ambient@ambientsystem.pl Zwecke der Verarbeitung Schulungen, Marketing und andere vom Kunden bestellte Aktivit\u00e4ten. Zwecke der Verarbeitung &#8211; rechtliche Verpflichtung;\u00a0 &#8211; Vereinbarung mit Ambient-System geschlossen;\u00a0 &#8211; Ihre Zustimmung;\u00a0 &#8211; unser berechtigtes Interesse. Empf\u00e4nger der Daten Unternehmen, die Daten im [&hellip;]<\/p>\n","protected":false},"author":1,"featured_media":0,"parent":0,"menu_order":0,"comment_status":"closed","ping_status":"closed","template":"","meta":{"_acf_changed":false,"footnotes":""},"class_list":["post-8721","page","type-page","status-publish","hentry"],"acf":[],"yoast_head":"<!-- This site is optimized with the Yoast SEO plugin v27.4 - https:\/\/yoast.com\/product\/yoast-seo-wordpress\/ -->\n<title>Informationsklausel - Ambient Systems<\/title>\n<meta name=\"robots\" content=\"index, follow, max-snippet:-1, max-image-preview:large, max-video-preview:-1\" \/>\n<link rel=\"canonical\" href=\"https:\/\/ambientsystem.eu\/de\/informationsklausel\/\" \/>\n<meta property=\"og:locale\" content=\"de_DE\" \/>\n<meta property=\"og:type\" content=\"article\" \/>\n<meta property=\"og:title\" content=\"Informationsklausel - Ambient Systems\" \/>\n<meta property=\"og:description\" content=\"Datencontroller Ambient-System sp. z o.o. Bysewska Stra\u00dfe 27, 80-298 Gdansk-Danzig, Polen Tel. (+48) 58 345 51 95; e-mail: ambient@ambientsystem.pl Zwecke der Verarbeitung Schulungen, Marketing und andere vom Kunden bestellte Aktivit\u00e4ten. Zwecke der Verarbeitung &#8211; rechtliche Verpflichtung;\u00a0 &#8211; Vereinbarung mit Ambient-System geschlossen;\u00a0 &#8211; Ihre Zustimmung;\u00a0 &#8211; unser berechtigtes Interesse. Empf\u00e4nger der Daten Unternehmen, die Daten im [&hellip;]\" \/>\n<meta property=\"og:url\" content=\"https:\/\/ambientsystem.eu\/de\/informationsklausel\/\" \/>\n<meta property=\"og:site_name\" content=\"Ambient Systems\" \/>\n<meta property=\"article:modified_time\" content=\"2026-04-20T04:46:59+00:00\" \/>\n<meta name=\"twitter:card\" content=\"summary_large_image\" \/>\n<meta name=\"twitter:label1\" content=\"Gesch\u00e4tzte Lesezeit\" \/>\n\t<meta name=\"twitter:data1\" content=\"6\u00a0Minuten\" \/>\n<script type=\"application\/ld+json\" class=\"yoast-schema-graph\">{\"@context\":\"https:\\\/\\\/schema.org\",\"@graph\":[{\"@type\":\"WebPage\",\"@id\":\"https:\\\/\\\/ambientsystem.eu\\\/de\\\/informationsklausel\\\/\",\"url\":\"https:\\\/\\\/ambientsystem.eu\\\/de\\\/informationsklausel\\\/\",\"name\":\"Informationsklausel - Ambient Systems\",\"isPartOf\":{\"@id\":\"https:\\\/\\\/ambientsystem.eu\\\/de\\\/#website\"},\"datePublished\":\"2026-04-20T04:40:41+00:00\",\"dateModified\":\"2026-04-20T04:46:59+00:00\",\"breadcrumb\":{\"@id\":\"https:\\\/\\\/ambientsystem.eu\\\/de\\\/informationsklausel\\\/#breadcrumb\"},\"inLanguage\":\"de\",\"potentialAction\":[{\"@type\":\"ReadAction\",\"target\":[\"https:\\\/\\\/ambientsystem.eu\\\/de\\\/informationsklausel\\\/\"]}]},{\"@type\":\"BreadcrumbList\",\"@id\":\"https:\\\/\\\/ambientsystem.eu\\\/de\\\/informationsklausel\\\/#breadcrumb\",\"itemListElement\":[{\"@type\":\"ListItem\",\"position\":1,\"name\":\"Strona g\u0142\u00f3wna\",\"item\":\"https:\\\/\\\/ambientsystem.eu\\\/de\\\/startseite\\\/\"},{\"@type\":\"ListItem\",\"position\":2,\"name\":\"Informationsklausel\"}]},{\"@type\":\"WebSite\",\"@id\":\"https:\\\/\\\/ambientsystem.eu\\\/de\\\/#website\",\"url\":\"https:\\\/\\\/ambientsystem.eu\\\/de\\\/\",\"name\":\"Ambient Systems\",\"description\":\"\",\"potentialAction\":[{\"@type\":\"SearchAction\",\"target\":{\"@type\":\"EntryPoint\",\"urlTemplate\":\"https:\\\/\\\/ambientsystem.eu\\\/de\\\/?s={search_term_string}\"},\"query-input\":{\"@type\":\"PropertyValueSpecification\",\"valueRequired\":true,\"valueName\":\"search_term_string\"}}],\"inLanguage\":\"de\"}]}<\/script>\n<!-- \/ Yoast SEO plugin. -->","yoast_head_json":{"title":"Informationsklausel - Ambient Systems","robots":{"index":"index","follow":"follow","max-snippet":"max-snippet:-1","max-image-preview":"max-image-preview:large","max-video-preview":"max-video-preview:-1"},"canonical":"https:\/\/ambientsystem.eu\/de\/informationsklausel\/","og_locale":"de_DE","og_type":"article","og_title":"Informationsklausel - Ambient Systems","og_description":"Datencontroller Ambient-System sp. z o.o. Bysewska Stra\u00dfe 27, 80-298 Gdansk-Danzig, Polen Tel. (+48) 58 345 51 95; e-mail: ambient@ambientsystem.pl Zwecke der Verarbeitung Schulungen, Marketing und andere vom Kunden bestellte Aktivit\u00e4ten. Zwecke der Verarbeitung &#8211; rechtliche Verpflichtung;\u00a0 &#8211; Vereinbarung mit Ambient-System geschlossen;\u00a0 &#8211; Ihre Zustimmung;\u00a0 &#8211; unser berechtigtes Interesse. Empf\u00e4nger der Daten Unternehmen, die Daten im [&hellip;]","og_url":"https:\/\/ambientsystem.eu\/de\/informationsklausel\/","og_site_name":"Ambient Systems","article_modified_time":"2026-04-20T04:46:59+00:00","twitter_card":"summary_large_image","twitter_misc":{"Gesch\u00e4tzte Lesezeit":"6\u00a0Minuten"},"schema":{"@context":"https:\/\/schema.org","@graph":[{"@type":"WebPage","@id":"https:\/\/ambientsystem.eu\/de\/informationsklausel\/","url":"https:\/\/ambientsystem.eu\/de\/informationsklausel\/","name":"Informationsklausel - Ambient Systems","isPartOf":{"@id":"https:\/\/ambientsystem.eu\/de\/#website"},"datePublished":"2026-04-20T04:40:41+00:00","dateModified":"2026-04-20T04:46:59+00:00","breadcrumb":{"@id":"https:\/\/ambientsystem.eu\/de\/informationsklausel\/#breadcrumb"},"inLanguage":"de","potentialAction":[{"@type":"ReadAction","target":["https:\/\/ambientsystem.eu\/de\/informationsklausel\/"]}]},{"@type":"BreadcrumbList","@id":"https:\/\/ambientsystem.eu\/de\/informationsklausel\/#breadcrumb","itemListElement":[{"@type":"ListItem","position":1,"name":"Strona g\u0142\u00f3wna","item":"https:\/\/ambientsystem.eu\/de\/startseite\/"},{"@type":"ListItem","position":2,"name":"Informationsklausel"}]},{"@type":"WebSite","@id":"https:\/\/ambientsystem.eu\/de\/#website","url":"https:\/\/ambientsystem.eu\/de\/","name":"Ambient Systems","description":"","potentialAction":[{"@type":"SearchAction","target":{"@type":"EntryPoint","urlTemplate":"https:\/\/ambientsystem.eu\/de\/?s={search_term_string}"},"query-input":{"@type":"PropertyValueSpecification","valueRequired":true,"valueName":"search_term_string"}}],"inLanguage":"de"}]}},"_links":{"self":[{"href":"https:\/\/ambientsystem.eu\/de\/wp-json\/wp\/v2\/pages\/8721","targetHints":{"allow":["GET"]}}],"collection":[{"href":"https:\/\/ambientsystem.eu\/de\/wp-json\/wp\/v2\/pages"}],"about":[{"href":"https:\/\/ambientsystem.eu\/de\/wp-json\/wp\/v2\/types\/page"}],"author":[{"embeddable":true,"href":"https:\/\/ambientsystem.eu\/de\/wp-json\/wp\/v2\/users\/1"}],"replies":[{"embeddable":true,"href":"https:\/\/ambientsystem.eu\/de\/wp-json\/wp\/v2\/comments?post=8721"}],"version-history":[{"count":2,"href":"https:\/\/ambientsystem.eu\/de\/wp-json\/wp\/v2\/pages\/8721\/revisions"}],"predecessor-version":[{"id":8727,"href":"https:\/\/ambientsystem.eu\/de\/wp-json\/wp\/v2\/pages\/8721\/revisions\/8727"}],"wp:attachment":[{"href":"https:\/\/ambientsystem.eu\/de\/wp-json\/wp\/v2\/media?parent=8721"}],"curies":[{"name":"wp","href":"https:\/\/api.w.org\/{rel}","templated":true}]}}